{"id":13354,"date":"2025-05-09T14:30:21","date_gmt":"2025-05-09T14:30:21","guid":{"rendered":"https:\/\/poisson-rungis.fr\/?page_id=13354"},"modified":"2025-05-12T12:19:28","modified_gmt":"2025-05-12T12:19:28","slug":"mentions-legales","status":"publish","type":"page","link":"https:\/\/leca-maree.87-98-147-251.plesk.page\/?page_id=13354","title":{"rendered":"Mentions l\u00e9gales"},"content":{"rendered":"\t\t<div data-elementor-type=\"wp-page\" data-elementor-id=\"13354\" class=\"elementor elementor-13354\">\n\t\t\t\t<div class=\"elementor-element elementor-element-a2e0d5f e-flex e-con-boxed e-con e-parent\" data-id=\"a2e0d5f\" data-element_type=\"container\">\n\t\t\t\t\t<div class=\"e-con-inner\">\n\t\t\t\t<div class=\"elementor-element elementor-element-b7e6c2f elementor-widget elementor-widget-heading\" data-id=\"b7e6c2f\" data-element_type=\"widget\" data-widget_type=\"heading.default\">\n\t\t\t\t<div class=\"elementor-widget-container\">\n\t\t\t\t\t<h1 class=\"elementor-heading-title elementor-size-default\">Mention L\u00e9gales<\/h1>\t\t\t\t<\/div>\n\t\t\t\t<\/div>\n\t\t\t\t<div class=\"elementor-element elementor-element-4a0703c elementor-widget elementor-widget-text-editor\" data-id=\"4a0703c\" data-element_type=\"widget\" data-widget_type=\"text-editor.default\">\n\t\t\t\t<div class=\"elementor-widget-container\">\n\t\t\t\t\t\t\t\t\t<h3 class=\"p3\">Informations l\u00e9gales<\/h3><p class=\"p5\">La poursuite de la navigation sur ce site vaut acceptation sans r\u00e9serve des dispositions et conditions d\u2019utilisation qui suivent. La version actuellement en ligne de ces conditions d\u2019utilisation est la seule opposable pendant toute la dur\u00e9e d\u2019utilisation du site et jusqu\u2019\u00e0 ce qu\u2019une nouvelle version la remplace.<\/p><p class=\"p7\"><strong>Site<\/strong> : www.poisson-rungis.fr <br \/><strong>Propri\u00e9taire<\/strong>\u00a0: Loris COSATTI, LECA Mar\u00e9e<br \/><strong>SIRET<\/strong> : 53897713300064<br \/><strong>Adresse du si\u00e8ge<\/strong> : 212 RUE DE LA TOUR CENTRA 255, 94550 CHEVILLY-LARUE France<br \/><strong>Activit\u00e9s<\/strong> : Commerce de gros (commerce interentreprises) de poissons, crustac\u00e9s et mollusques.<\/p><p class=\"p5\"><span class=\"s1\"><strong>Cr\u00e9ateur\u00a0<\/strong>:<\/span> Agence Germain<br \/><strong>Contact\u00a0:<\/strong> <span class=\"s2\">01 83 63 98 76<\/span> \u2013 contact@agence-germain.fr<\/p><p class=\"p5\"><strong><span class=\"s1\">Responsable publication<\/span> (personne physique ou morale)<\/strong> : LECA Mar\u00e9e<br \/><strong>D\u00e9l\u00e9gu\u00e9 \u00e0 la protection des donn\u00e9es<\/strong><span class=\"s3\"> : LECA Mar\u00e9e<\/span><\/p><p class=\"p5\"><strong><span class=\"s1\">Webmaster<\/span><\/strong>\u00a0: Agence Germain<\/p><p class=\"p10\"><span class=\"s4\"><strong>H\u00e9bergeur\u00a0<\/strong>:<\/span><span class=\"s5\"> OVH, <\/span>soci\u00e9t\u00e9 immatricul\u00e9e au RCS de Lille sous le num\u00e9ro 537 407 926 sise 2, rue Kellermann, 59100 Roubaix.<\/p><p>\u00a0<\/p><h3 class=\"p3\">Acc\u00e8s au site<\/h3><p class=\"p5\">L\u2019acc\u00e8s au site et son utilisation sont r\u00e9serv\u00e9s \u00e0 un usage strictement personnel. Vous vous engagez \u00e0 ne pas utiliser ce site et les informations ou donn\u00e9es qui y figurent \u00e0 des fins commerciales, politiques, publicitaires et pour toute forme de sollicitation commerciale et notamment l\u2019envoi de courriers \u00e9lectroniques non sollicit\u00e9s.<\/p><p>\u00a0<\/p><h3 class=\"p3\">Contenu du site<\/h3><p class=\"p5\">La structure g\u00e9n\u00e9rale du Site, ainsi que toutes les marques, photographies, textes, articles, commentaires, illustrations, images anim\u00e9es ou non, s\u00e9quences vid\u00e9o, sons, ainsi que toutes les applications informatiques qui pourraient \u00eatre utilis\u00e9es pour faire fonctionner ce site et plus g\u00e9n\u00e9ralement tous les \u00e9l\u00e9ments reproduits ou utilis\u00e9s sur le site sont prot\u00e9g\u00e9s par les lois en vigueur au titre de la propri\u00e9t\u00e9 intellectuelle.<\/p><p class=\"p5\">Ils sont la propri\u00e9t\u00e9 pleine et enti\u00e8re de l\u2019\u00e9diteur ou de ses partenaires. Toute reproduction, repr\u00e9sentation, utilisation ou adaptation, sous quelque forme que ce soit, de tout ou partie de ces \u00e9l\u00e9ments, y compris les applications informatiques, sans l\u2019accord pr\u00e9alable et \u00e9crit de l\u2019\u00e9diteur, sont strictement interdites. Le fait pour l\u2019\u00e9diteur de ne pas engager de proc\u00e9dure d\u00e8s la prise de connaissance de ces utilisations non autoris\u00e9es ne vaut pas acceptation des dites utilisations et renonciation aux poursuites.<\/p><p>\u00a0<\/p><h3 class=\"p3\">Protection des donn\u00e9es \u00e0 caract\u00e8re personnel<\/h3><p class=\"p5\">Notre site utilise essentiellement des cookies fonctionnels. C\u2019est-\u00e0-dire que les donn\u00e9es susceptibles d\u2019\u00eatre collect\u00e9es servent uniquement \u00e0 vous donner acc\u00e8s \u00e0 certaines fonctionnalit\u00e9s essentielles du site (comme la carte GOOGLE MAP, la s\u00e9curisation des formulaires de contact via re-CAPTCHA par GOOGLE et la lecture des vid\u00e9os via VIMEO).<\/p><p class=\"p5\">Ces services (GOOGLE et VIMEO) peuvent r\u00e9colter certaines de vos donn\u00e9es personnelles telles que vos pr\u00e9f\u00e9rences et vos centres int\u00e9r\u00eats afin de personnaliser les publicit\u00e9s ou autres vid\u00e9os sugg\u00e9r\u00e9es en dehors de notre site web. Ils peuvent \u00e9galement r\u00e9colter des informations sur votre adresse IP, votre r\u00e9seau mobile, l\u2019appareil et le navigateur que vous utilisez afin de vous identifier temporairement et de vous diff\u00e9rencier d\u2019un robot.<\/p><p class=\"p5\">Par ailleurs, le Site vous permet de prendre contact avec l\u2019\u00e9quipe LECA Mar\u00e9e. Les informations vous concernant transmises \u00e0 cette occasion ne sont destin\u00e9es qu\u2019\u00e0 l\u2019\u00e9quipe LECA Mar\u00e9e et ne peuvent \u00eatre transmises \u00e0 des tiers sans votre accord. Ces donn\u00e9es nous permettent de vous r\u00e9pondre efficacement et ont un caract\u00e8re d\u2019int\u00e9r\u00eat l\u00e9gitime afin que votre exp\u00e9rience sur notre site soit optimale.<\/p><p class=\"p5\">Ce site n\u2019utilise pas d\u2019afficheur de publicit\u00e9 ni d\u2019outil de suivi de trafic.<\/p><p class=\"p5\">Vos informations sont conserv\u00e9es 2 ans. Vous pouvez nous demander de supprimer vos informations personnelles quand vous le voulez. Pour cela, il suffit de nous contacter par mail. Nous vous r\u00e9pondrons sous 1 mois et nous appliquerons votre souhait.<\/p><p>\u00a0<\/p><h3 class=\"p3\">Loi applicable<\/h3><p class=\"p5\">Les pr\u00e9sentes conditions d\u2019utilisation du site sont r\u00e9gies par la loi fran\u00e7aise et soumises \u00e0 la comp\u00e9tence des tribunaux de Paris, sous r\u00e9serve d\u2019une attribution de comp\u00e9tence sp\u00e9cifique d\u00e9coulant d\u2019un texte de loi ou r\u00e9glementaire particulier.<\/p><p>\u00a0<\/p><h3 class=\"p3\">Contactez-nous<\/h3><p class=\"p5\">Pour toute question, information sur les services pr\u00e9sent\u00e9s sur le site, ou concernant le site lui-m\u00eame, vous pouvez laisser un message \u00e0 l\u2019adresse suivante : contact@lecamaree.fr<\/p>\t\t\t\t\t\t\t\t<\/div>\n\t\t\t\t<\/div>\n\t\t\t\t\t<\/div>\n\t\t\t\t<\/div>\n\t\t<div class=\"elementor-element elementor-element-ce57163 e-flex e-con-boxed e-con e-parent\" data-id=\"ce57163\" data-element_type=\"container\" data-settings=\"{&quot;background_background&quot;:&quot;classic&quot;}\">\n\t\t\t\t\t<div class=\"e-con-inner\">\n\t\t<div class=\"elementor-element elementor-element-a4ba899 e-con-full e-flex e-con e-child\" data-id=\"a4ba899\" data-element_type=\"container\">\n\t\t\t\t<div class=\"elementor-element elementor-element-ec19d08 elementor-widget elementor-widget-swissdelight_core_separator\" data-id=\"ec19d08\" data-element_type=\"widget\" data-widget_type=\"swissdelight_core_separator.default\">\n\t\t\t\t<div class=\"elementor-widget-container\">\n\t\t\t\t\t<div class=\"qodef-shortcode qodef-m  qodef-separator clear \">\n\t<div class=\"qodef-m-line\" ><\/div>\n<\/div>\n\t\t\t\t<\/div>\n\t\t\t\t<\/div>\n\t\t\t\t<\/div>\n\t\t<div class=\"elementor-element elementor-element-9706590 e-con-full e-flex e-con e-child\" data-id=\"9706590\" data-element_type=\"container\">\n\t\t\t\t<div class=\"elementor-element elementor-element-5d91a34 elementor-widget elementor-widget-text-editor\" data-id=\"5d91a34\" data-element_type=\"widget\" data-widget_type=\"text-editor.default\">\n\t\t\t\t<div class=\"elementor-widget-container\">\n\t\t\t\t\t\t\t\t\t<p><span style=\"font-weight: 400;\">SUR LE MARCH\u00c9<\/span><\/p>\t\t\t\t\t\t\t\t<\/div>\n\t\t\t\t<\/div>\n\t\t\t\t<div class=\"elementor-element elementor-element-be69244 elementor-widget elementor-widget-text-editor\" data-id=\"be69244\" data-element_type=\"widget\" data-widget_type=\"text-editor.default\">\n\t\t\t\t<div class=\"elementor-widget-container\">\n\t\t\t\t\t\t\t\t\t<p><span style=\"font-weight: 400;\">Tous les jours de minuit \u00e0 midi<\/span><\/p><p><span style=\"font-weight: 400;\">310 Rue de la Tour \u2013 Centra 255<\/span><\/p><p><span style=\"font-weight: 400;\">94576 RUNGIS Cedex<\/span><\/p>\t\t\t\t\t\t\t\t<\/div>\n\t\t\t\t<\/div>\n\t\t\t\t<\/div>\n\t\t<div class=\"elementor-element elementor-element-5c84280 e-con-full e-flex e-con e-child\" data-id=\"5c84280\" data-element_type=\"container\">\n\t\t\t\t<div class=\"elementor-element elementor-element-c006873 elementor-widget elementor-widget-image\" data-id=\"c006873\" data-element_type=\"widget\" data-widget_type=\"image.default\">\n\t\t\t\t<div class=\"elementor-widget-container\">\n\t\t\t\t\t\t\t\t\t\t\t\t\t\t\t<img fetchpriority=\"high\" decoding=\"async\" width=\"1016\" height=\"173\" src=\"https:\/\/leca-maree.87-98-147-251.plesk.page\/wp-content\/uploads\/2025\/04\/logo-leca-maree-beige.png\" class=\"attachment-large size-large wp-image-12398\" alt=\"logo leca mare\u0301e beige\" srcset=\"https:\/\/leca-maree.87-98-147-251.plesk.page\/wp-content\/uploads\/2025\/04\/logo-leca-maree-beige.png 1016w, https:\/\/leca-maree.87-98-147-251.plesk.page\/wp-content\/uploads\/2025\/04\/logo-leca-maree-beige-300x51.png 300w, https:\/\/leca-maree.87-98-147-251.plesk.page\/wp-content\/uploads\/2025\/04\/logo-leca-maree-beige-768x131.png 768w\" sizes=\"(max-width: 1016px) 100vw, 1016px\" \/>\t\t\t\t\t\t\t\t\t\t\t\t\t\t\t<\/div>\n\t\t\t\t<\/div>\n\t\t\t\t<\/div>\n\t\t<div class=\"elementor-element elementor-element-52b87e0 e-con-full e-flex e-con e-child\" data-id=\"52b87e0\" data-element_type=\"container\">\n\t\t\t\t<div class=\"elementor-element elementor-element-43e8bb4 elementor-widget elementor-widget-text-editor\" data-id=\"43e8bb4\" data-element_type=\"widget\" data-widget_type=\"text-editor.default\">\n\t\t\t\t<div class=\"elementor-widget-container\">\n\t\t\t\t\t\t\t\t\t<p><span style=\"font-weight: 400;\">EN LIGNE<\/span><\/p>\t\t\t\t\t\t\t\t<\/div>\n\t\t\t\t<\/div>\n\t\t\t\t<div class=\"elementor-element elementor-element-8e13b53 elementor-widget elementor-widget-text-editor\" data-id=\"8e13b53\" data-element_type=\"widget\" data-widget_type=\"text-editor.default\">\n\t\t\t\t<div class=\"elementor-widget-container\">\n\t\t\t\t\t\t\t\t\t<p><span style=\"font-weight: 400;\">24h\/24 7j\/7<\/span><\/p><p><span style=\"font-weight: 400;\">(+33)1 46 87 48 32<\/span><\/p><p><a href=\"mailto:contact@lecamaree.fr\"><span style=\"font-weight: 400;\">contact@lecamaree.fr<\/span><\/a><\/p><p><span style=\"font-weight: 400;\">instagram<\/span><\/p>\t\t\t\t\t\t\t\t<\/div>\n\t\t\t\t<\/div>\n\t\t\t\t<\/div>\n\t\t<div class=\"elementor-element elementor-element-4a0a3d4 e-con-full e-flex e-con e-child\" data-id=\"4a0a3d4\" data-element_type=\"container\">\n\t\t\t\t<div class=\"elementor-element elementor-element-0ad8dc9 elementor-widget elementor-widget-text-editor\" data-id=\"0ad8dc9\" data-element_type=\"widget\" data-widget_type=\"text-editor.default\">\n\t\t\t\t<div class=\"elementor-widget-container\">\n\t\t\t\t\t\t\t\t\t<p><span style=\"font-weight: 400;\">\u00a9LECA MAR\u00c9E \u2013 Fait avec \u2665\ufe0e par notre <\/span><a href=\"https:\/\/agence-germain.fr\"><span style=\"font-weight: 400;\">agence cr\u00e9ative essonne<\/span><\/a><span style=\"font-weight: 400;\"> \u2013 <a href=\"https:\/\/leca-maree.87-98-147-251.plesk.page\/?page_id=13354\">Mentions L\u00e9gales<\/a> \u2013 <a href=\"https:\/\/leca-maree.87-98-147-251.plesk.page\/?page_id=13442\">Cookies<\/a><\/span><\/p>\t\t\t\t\t\t\t\t<\/div>\n\t\t\t\t<\/div>\n\t\t\t\t<\/div>\n\t\t\t\t\t<\/div>\n\t\t\t\t<\/div>\n\t\t\t\t<\/div>\n\t\t","protected":false},"excerpt":{"rendered":"<p>Mention L\u00e9gales Informations l\u00e9gales La poursuite de la navigation sur ce site vaut acceptation sans r\u00e9serve des dispositions et conditions d\u2019utilisation qui suivent. La version actuellement en ligne de ces conditions d\u2019utilisation est la seule opposable pendant toute la dur\u00e9e d\u2019utilisation du site et jusqu\u2019\u00e0 ce qu\u2019une nouvelle version la remplace. Site : www.poisson-rungis.fr Propri\u00e9taire\u00a0: [&hellip;]<\/p>\n","protected":false},"author":2,"featured_media":0,"parent":0,"menu_order":0,"comment_status":"closed","ping_status":"closed","template":"page-full-width.php","meta":{"footnotes":""},"class_list":["post-13354","page","type-page","status-publish","hentry"],"yoast_head":"<!-- This site is optimized with the Yoast SEO plugin v25.8 - https:\/\/yoast.com\/wordpress\/plugins\/seo\/ -->\n<title>Mentions l\u00e9gales - LECA Mar\u00e9e<\/title>\n<meta name=\"robots\" content=\"noindex, follow, max-snippet:-1, max-image-preview:large, max-video-preview:-1\" \/>\n<meta property=\"og:locale\" content=\"fr_FR\" \/>\n<meta property=\"og:type\" content=\"article\" \/>\n<meta property=\"og:title\" content=\"Mentions l\u00e9gales - LECA Mar\u00e9e\" \/>\n<meta property=\"og:description\" content=\"Mention L\u00e9gales Informations l\u00e9gales La poursuite de la navigation sur ce site vaut acceptation sans r\u00e9serve des dispositions et conditions d\u2019utilisation qui suivent. La version actuellement en ligne de ces conditions d\u2019utilisation est la seule opposable pendant toute la dur\u00e9e d\u2019utilisation du site et jusqu\u2019\u00e0 ce qu\u2019une nouvelle version la remplace. Site : www.poisson-rungis.fr Propri\u00e9taire\u00a0: [&hellip;]\" \/>\n<meta property=\"og:url\" content=\"https:\/\/leca-maree.87-98-147-251.plesk.page\/?page_id=13354\" \/>\n<meta property=\"og:site_name\" content=\"LECA Mar\u00e9e\" \/>\n<meta property=\"article:modified_time\" content=\"2025-05-12T12:19:28+00:00\" \/>\n<meta property=\"og:image\" content=\"https:\/\/leca-maree.87-98-147-251.plesk.page\/wp-content\/uploads\/2025\/04\/logo-leca-maree-beige.png\" \/>\n<meta name=\"twitter:card\" content=\"summary_large_image\" \/>\n<meta name=\"twitter:label1\" content=\"Dur\u00e9e de lecture estim\u00e9e\" \/>\n\t<meta name=\"twitter:data1\" content=\"4 minutes\" \/>\n<script type=\"application\/ld+json\" class=\"yoast-schema-graph\">{\"@context\":\"https:\/\/schema.org\",\"@graph\":[{\"@type\":\"WebPage\",\"@id\":\"https:\/\/leca-maree.87-98-147-251.plesk.page\/?page_id=13354\",\"url\":\"https:\/\/leca-maree.87-98-147-251.plesk.page\/?page_id=13354\",\"name\":\"Mentions l\u00e9gales - LECA Mar\u00e9e\",\"isPartOf\":{\"@id\":\"https:\/\/leca-maree.87-98-147-251.plesk.page\/#website\"},\"primaryImageOfPage\":{\"@id\":\"https:\/\/leca-maree.87-98-147-251.plesk.page\/?page_id=13354#primaryimage\"},\"image\":{\"@id\":\"https:\/\/leca-maree.87-98-147-251.plesk.page\/?page_id=13354#primaryimage\"},\"thumbnailUrl\":\"https:\/\/leca-maree.87-98-147-251.plesk.page\/wp-content\/uploads\/2025\/04\/logo-leca-maree-beige.png\",\"datePublished\":\"2025-05-09T14:30:21+00:00\",\"dateModified\":\"2025-05-12T12:19:28+00:00\",\"breadcrumb\":{\"@id\":\"https:\/\/leca-maree.87-98-147-251.plesk.page\/?page_id=13354#breadcrumb\"},\"inLanguage\":\"fr-FR\",\"potentialAction\":[{\"@type\":\"ReadAction\",\"target\":[\"https:\/\/leca-maree.87-98-147-251.plesk.page\/?page_id=13354\"]}]},{\"@type\":\"ImageObject\",\"inLanguage\":\"fr-FR\",\"@id\":\"https:\/\/leca-maree.87-98-147-251.plesk.page\/?page_id=13354#primaryimage\",\"url\":\"https:\/\/leca-maree.87-98-147-251.plesk.page\/wp-content\/uploads\/2025\/04\/logo-leca-maree-beige.png\",\"contentUrl\":\"https:\/\/leca-maree.87-98-147-251.plesk.page\/wp-content\/uploads\/2025\/04\/logo-leca-maree-beige.png\",\"width\":1016,\"height\":173,\"caption\":\"logo leca mare\u0301e beige\"},{\"@type\":\"BreadcrumbList\",\"@id\":\"https:\/\/leca-maree.87-98-147-251.plesk.page\/?page_id=13354#breadcrumb\",\"itemListElement\":[{\"@type\":\"ListItem\",\"position\":1,\"name\":\"Accueil\",\"item\":\"https:\/\/leca-maree.87-98-147-251.plesk.page\/\"},{\"@type\":\"ListItem\",\"position\":2,\"name\":\"Mentions l\u00e9gales\"}]},{\"@type\":\"WebSite\",\"@id\":\"https:\/\/leca-maree.87-98-147-251.plesk.page\/#website\",\"url\":\"https:\/\/leca-maree.87-98-147-251.plesk.page\/\",\"name\":\"LECA Mar\u00e9e\",\"description\":\"\",\"potentialAction\":[{\"@type\":\"SearchAction\",\"target\":{\"@type\":\"EntryPoint\",\"urlTemplate\":\"https:\/\/leca-maree.87-98-147-251.plesk.page\/?s={search_term_string}\"},\"query-input\":{\"@type\":\"PropertyValueSpecification\",\"valueRequired\":true,\"valueName\":\"search_term_string\"}}],\"inLanguage\":\"fr-FR\"}]}<\/script>\n<!-- \/ Yoast SEO plugin. -->","yoast_head_json":{"title":"Mentions l\u00e9gales - LECA Mar\u00e9e","robots":{"index":"noindex","follow":"follow","max-snippet":"max-snippet:-1","max-image-preview":"max-image-preview:large","max-video-preview":"max-video-preview:-1"},"og_locale":"fr_FR","og_type":"article","og_title":"Mentions l\u00e9gales - LECA Mar\u00e9e","og_description":"Mention L\u00e9gales Informations l\u00e9gales La poursuite de la navigation sur ce site vaut acceptation sans r\u00e9serve des dispositions et conditions d\u2019utilisation qui suivent. La version actuellement en ligne de ces conditions d\u2019utilisation est la seule opposable pendant toute la dur\u00e9e d\u2019utilisation du site et jusqu\u2019\u00e0 ce qu\u2019une nouvelle version la remplace. Site : www.poisson-rungis.fr Propri\u00e9taire\u00a0: [&hellip;]","og_url":"https:\/\/leca-maree.87-98-147-251.plesk.page\/?page_id=13354","og_site_name":"LECA Mar\u00e9e","article_modified_time":"2025-05-12T12:19:28+00:00","og_image":[{"url":"https:\/\/leca-maree.87-98-147-251.plesk.page\/wp-content\/uploads\/2025\/04\/logo-leca-maree-beige.png","type":"","width":"","height":""}],"twitter_card":"summary_large_image","twitter_misc":{"Dur\u00e9e de lecture estim\u00e9e":"4 minutes"},"schema":{"@context":"https:\/\/schema.org","@graph":[{"@type":"WebPage","@id":"https:\/\/leca-maree.87-98-147-251.plesk.page\/?page_id=13354","url":"https:\/\/leca-maree.87-98-147-251.plesk.page\/?page_id=13354","name":"Mentions l\u00e9gales - LECA Mar\u00e9e","isPartOf":{"@id":"https:\/\/leca-maree.87-98-147-251.plesk.page\/#website"},"primaryImageOfPage":{"@id":"https:\/\/leca-maree.87-98-147-251.plesk.page\/?page_id=13354#primaryimage"},"image":{"@id":"https:\/\/leca-maree.87-98-147-251.plesk.page\/?page_id=13354#primaryimage"},"thumbnailUrl":"https:\/\/leca-maree.87-98-147-251.plesk.page\/wp-content\/uploads\/2025\/04\/logo-leca-maree-beige.png","datePublished":"2025-05-09T14:30:21+00:00","dateModified":"2025-05-12T12:19:28+00:00","breadcrumb":{"@id":"https:\/\/leca-maree.87-98-147-251.plesk.page\/?page_id=13354#breadcrumb"},"inLanguage":"fr-FR","potentialAction":[{"@type":"ReadAction","target":["https:\/\/leca-maree.87-98-147-251.plesk.page\/?page_id=13354"]}]},{"@type":"ImageObject","inLanguage":"fr-FR","@id":"https:\/\/leca-maree.87-98-147-251.plesk.page\/?page_id=13354#primaryimage","url":"https:\/\/leca-maree.87-98-147-251.plesk.page\/wp-content\/uploads\/2025\/04\/logo-leca-maree-beige.png","contentUrl":"https:\/\/leca-maree.87-98-147-251.plesk.page\/wp-content\/uploads\/2025\/04\/logo-leca-maree-beige.png","width":1016,"height":173,"caption":"logo leca mare\u0301e beige"},{"@type":"BreadcrumbList","@id":"https:\/\/leca-maree.87-98-147-251.plesk.page\/?page_id=13354#breadcrumb","itemListElement":[{"@type":"ListItem","position":1,"name":"Accueil","item":"https:\/\/leca-maree.87-98-147-251.plesk.page\/"},{"@type":"ListItem","position":2,"name":"Mentions l\u00e9gales"}]},{"@type":"WebSite","@id":"https:\/\/leca-maree.87-98-147-251.plesk.page\/#website","url":"https:\/\/leca-maree.87-98-147-251.plesk.page\/","name":"LECA Mar\u00e9e","description":"","potentialAction":[{"@type":"SearchAction","target":{"@type":"EntryPoint","urlTemplate":"https:\/\/leca-maree.87-98-147-251.plesk.page\/?s={search_term_string}"},"query-input":{"@type":"PropertyValueSpecification","valueRequired":true,"valueName":"search_term_string"}}],"inLanguage":"fr-FR"}]}},"_links":{"self":[{"href":"https:\/\/leca-maree.87-98-147-251.plesk.page\/index.php?rest_route=\/wp\/v2\/pages\/13354","targetHints":{"allow":["GET"]}}],"collection":[{"href":"https:\/\/leca-maree.87-98-147-251.plesk.page\/index.php?rest_route=\/wp\/v2\/pages"}],"about":[{"href":"https:\/\/leca-maree.87-98-147-251.plesk.page\/index.php?rest_route=\/wp\/v2\/types\/page"}],"author":[{"embeddable":true,"href":"https:\/\/leca-maree.87-98-147-251.plesk.page\/index.php?rest_route=\/wp\/v2\/users\/2"}],"replies":[{"embeddable":true,"href":"https:\/\/leca-maree.87-98-147-251.plesk.page\/index.php?rest_route=%2Fwp%2Fv2%2Fcomments&post=13354"}],"version-history":[{"count":23,"href":"https:\/\/leca-maree.87-98-147-251.plesk.page\/index.php?rest_route=\/wp\/v2\/pages\/13354\/revisions"}],"predecessor-version":[{"id":13479,"href":"https:\/\/leca-maree.87-98-147-251.plesk.page\/index.php?rest_route=\/wp\/v2\/pages\/13354\/revisions\/13479"}],"wp:attachment":[{"href":"https:\/\/leca-maree.87-98-147-251.plesk.page\/index.php?rest_route=%2Fwp%2Fv2%2Fmedia&parent=13354"}],"curies":[{"name":"wp","href":"https:\/\/api.w.org\/{rel}","templated":true}]}}